{"id":77266,"date":"2015-03-08T19:01:21","date_gmt":"2015-03-09T00:01:21","guid":{"rendered":"https:\/\/descubriendotuestilo.com\/acerca-de\/"},"modified":"2024-06-05T20:41:41","modified_gmt":"2024-06-06T01:41:41","slug":"about","status":"publish","type":"page","link":"https:\/\/descubriendotuestilo.com\/en\/about\/","title":{"rendered":"About"},"content":{"rendered":"\n<p>My name is Mar&iacute;a and I have always liked the world of fashion, so I found my passion when I studied Image Consulting.<\/p>\n\n\n\n<p>The experience was so rewarding that I decided to create this space, &ldquo;<a href=\"https:\/\/descubriendotuestilo.com\/en\/\" data-type=\"page\" data-id=\"77264\">Discovering Your Style<\/a>,&rdquo; where you will find everything you need to know to understand yourself better, enhance your strengths, and disguise those parts of your body that you don&rsquo;t like.<\/p>\n\n\n\n<p>Knowing the different body types is the first step to bringing out the best in you with clothes that suit you best.<\/p>\n\n\n\n<p>I want to help you dress well; in this blog, you will find many tricks to look put together without losing your essence and style, always adapting fashion to your lifestyle and not the other way around.<\/p>\n\n\n\n<p>I will teach you how to make smart purchases so you can build a wardrobe tailored to your silhouette and style because in basic pieces, you will always find the perfect look for every occasion.<\/p>\n\n\n\n<p>You will also find in this blog how to use accessories to give that special touch to your outfits and make you feel special, showing your essence and style, and be unique.<\/p>\n\n\n\n<blockquote class=\"wp-block-quote is-layout-flow wp-block-quote-is-layout-flow\">\n<p><em>Fashion fades, style remains.<\/em><\/p>\n<cite>Coco Chanel<\/cite><\/blockquote>\n\n\n\n<p class=\"has-text-align-center\"><em>I hope you will join me on this adventure!<\/em><\/p>\n\n\n\n<p class=\"has-text-align-center\"><em><strong>Mar&iacute;a<\/strong><\/em><\/p>\n\n\n<div class=\"wp-block-image\">\n<figure class=\"aligncenter\"><img loading=\"lazy\" decoding=\"async\" width=\"276\" height=\"300\" src=\"https:\/\/descubriendotuestilo.com\/wp-content\/uploads\/2020\/02\/Descubriendotuestilo-276x300.jpg\" alt=\"Decubriendotuestilo\" class=\"wp-image-7644\" srcset=\"https:\/\/descubriendotuestilo.com\/wp-content\/uploads\/2020\/02\/Descubriendotuestilo-276x300.jpg 276w, https:\/\/descubriendotuestilo.com\/wp-content\/uploads\/2020\/02\/Descubriendotuestilo-941x1024.jpg 941w, https:\/\/descubriendotuestilo.com\/wp-content\/uploads\/2020\/02\/Descubriendotuestilo-768x836.jpg 768w, https:\/\/descubriendotuestilo.com\/wp-content\/uploads\/2020\/02\/Descubriendotuestilo-760x827.jpg 760w, https:\/\/descubriendotuestilo.com\/wp-content\/uploads\/2020\/02\/Descubriendotuestilo.jpg 1000w\" sizes=\"auto, (max-width: 276px) 100vw, 276px\" data-pin-media=\"https:\/\/descubriendotuestilo.com\/wp-content\/uploads\/2020\/02\/Descubriendotuestilo.jpg\"><\/figure>\n<\/div>\n\n\n<figure class=\"wp-block-image\"><img loading=\"lazy\" decoding=\"async\" width=\"360\" height=\"86\" src=\"https:\/\/descubriendotuestilo.com\/wp-content\/uploads\/2020\/02\/dte-logo-smaller.png\" alt=\"descubriendo tu estilo\" class=\"wp-image-7638\" srcset=\"https:\/\/descubriendotuestilo.com\/wp-content\/uploads\/2020\/02\/dte-logo-smaller.png 360w, https:\/\/descubriendotuestilo.com\/wp-content\/uploads\/2020\/02\/dte-logo-smaller-300x72.png 300w\" sizes=\"auto, (max-width: 360px) 100vw, 360px\" data-pin-media=\"https:\/\/descubriendotuestilo.com\/wp-content\/uploads\/2020\/02\/dte-logo-smaller.png\"><\/figure>\n\n\n\n<p class=\"has-text-align-center\"><\/p>\n","protected":false},"excerpt":{"rendered":"<p>My name is Mar&iacute;a and I have always liked the world of fashion, so I found my passion when I studied Image Consulting. The experience was so rewarding that I<\/p>\n","protected":false},"author":2,"featured_media":70216,"parent":0,"menu_order":0,"comment_status":"closed","ping_status":"closed","template":"","meta":{"_seopress_robots_primary_cat":"","_seopress_titles_title":"","_seopress_titles_desc":"Si quieres conocerme un poquito m\u00e1s y saber que me llev\u00f3 a empezar este proyecto, mi rinc\u00f3n digital en este blog, \"Descubriendo tu estilo\".","_seopress_robots_index":"","footnotes":""},"class_list":["post-77266","page","type-page","status-publish","has-post-thumbnail","hentry"],"_links":{"self":[{"href":"https:\/\/descubriendotuestilo.com\/en\/wp-json\/wp\/v2\/pages\/77266","targetHints":{"allow":["GET"]}}],"collection":[{"href":"https:\/\/descubriendotuestilo.com\/en\/wp-json\/wp\/v2\/pages"}],"about":[{"href":"https:\/\/descubriendotuestilo.com\/en\/wp-json\/wp\/v2\/types\/page"}],"author":[{"embeddable":true,"href":"https:\/\/descubriendotuestilo.com\/en\/wp-json\/wp\/v2\/users\/2"}],"replies":[{"embeddable":true,"href":"https:\/\/descubriendotuestilo.com\/en\/wp-json\/wp\/v2\/comments?post=77266"}],"version-history":[{"count":3,"href":"https:\/\/descubriendotuestilo.com\/en\/wp-json\/wp\/v2\/pages\/77266\/revisions"}],"predecessor-version":[{"id":77293,"href":"https:\/\/descubriendotuestilo.com\/en\/wp-json\/wp\/v2\/pages\/77266\/revisions\/77293"}],"wp:featuredmedia":[{"embeddable":true,"href":"https:\/\/descubriendotuestilo.com\/en\/wp-json\/wp\/v2\/media\/70216"}],"wp:attachment":[{"href":"https:\/\/descubriendotuestilo.com\/en\/wp-json\/wp\/v2\/media?parent=77266"}],"curies":[{"name":"wp","href":"https:\/\/api.w.org\/{rel}","templated":true}]}}